{"id":67,"date":"2017-11-21T21:57:13","date_gmt":"2017-11-21T21:57:13","guid":{"rendered":"http:\/\/mayodel68.org\/?page_id=67"},"modified":"2020-04-30T10:38:42","modified_gmt":"2020-04-30T08:38:42","slug":"mayo-del-68-mayo-de-2018","status":"publish","type":"page","link":"https:\/\/mayo68.puenteromano.net\/","title":{"rendered":"Mayo del 68, mayo de 2018"},"content":{"rendered":"<p>[et_pb_section fb_built=\u00bb1&#8243; fullwidth=\u00bbon\u00bb _builder_version=\u00bb4.4.4&#8243; background_enable_image=\u00bboff\u00bb][et_pb_fullwidth_slider admin_label=\u00bbFullwidth Slider\u00bb _builder_version=\u00bb4.4.4&#8243; background_enable_image=\u00bboff\u00bb custom_button=\u00bbon\u00bb button_bg_color=\u00bb#e02b20&#8243; custom_padding=\u00bb|||\u00bb hover_enabled=\u00bb0&#8243; box_shadow_style=\u00bbpreset6&#8243; box_shadow_blur=\u00bb10px\u00bb box_shadow_color=\u00bbrgba(0,0,0,0.1)\u00bb show_inner_shadow=\u00bbon\u00bb button_text_size__hover_enabled=\u00bboff\u00bb button_one_text_size__hover_enabled=\u00bboff\u00bb button_two_text_size__hover_enabled=\u00bboff\u00bb button_text_color__hover_enabled=\u00bboff\u00bb button_one_text_color__hover_enabled=\u00bboff\u00bb button_two_text_color__hover_enabled=\u00bboff\u00bb button_border_width__hover_enabled=\u00bboff\u00bb button_one_border_width__hover_enabled=\u00bboff\u00bb button_two_border_width__hover_enabled=\u00bboff\u00bb button_border_color__hover_enabled=\u00bboff\u00bb button_one_border_color__hover_enabled=\u00bboff\u00bb button_two_border_color__hover_enabled=\u00bboff\u00bb button_border_radius__hover_enabled=\u00bboff\u00bb button_one_border_radius__hover_enabled=\u00bboff\u00bb button_two_border_radius__hover_enabled=\u00bboff\u00bb button_letter_spacing__hover_enabled=\u00bboff\u00bb button_one_letter_spacing__hover_enabled=\u00bboff\u00bb button_two_letter_spacing__hover_enabled=\u00bboff\u00bb button_bg_color__hover_enabled=\u00bboff\u00bb button_one_bg_color__hover_enabled=\u00bboff\u00bb button_two_bg_color__hover_enabled=\u00bboff\u00bb][et_pb_slide heading=\u00bbMayo del 68&#8243; button_text=\u00bbDebates, m\u00fasica, cine, ideas&#8230;\u00bb button_link=\u00bbhttps:\/\/mayo68.puenteromano.net\/index.php\/programacion\/\u00bb image=\u00bbhttps:\/\/mayo68.puenteromano.net\/wp-content\/uploads\/2017\/11\/La-belleza-en-la-calle.jpg\u00bb use_bg_overlay=\u00bboff\u00bb use_text_overlay=\u00bbon\u00bb text_overlay_color=\u00bbrgba(0,0,0,0.25)\u00bb _builder_version=\u00bb4.4.4&#8243; header_font_size=\u00bb56px\u00bb body_font_size=\u00bb25px\u00bb background_color=\u00bb#ffffff\u00bb background_image=\u00bbhttps:\/\/mayo68.puenteromano.net\/wp-content\/uploads\/2017\/11\/Pedid-lo-imposible.jpg\u00bb background_enable_image=\u00bbon\u00bb parallax=\u00bbon\u00bb parallax_method=\u00bboff\u00bb header_font_size_tablet=\u00bb56px\u00bb header_font_size_phone=\u00bb56px\u00bb body_font_size_tablet=\u00bb25px\u00bb body_font_size_phone=\u00bb25px\u00bb custom_css_slide_image=\u00bbwidth:300px;\u00bb button_text_size__hover_enabled=\u00bboff\u00bb button_one_text_size__hover_enabled=\u00bboff\u00bb button_two_text_size__hover_enabled=\u00bboff\u00bb button_text_color__hover_enabled=\u00bboff\u00bb button_one_text_color__hover_enabled=\u00bboff\u00bb button_two_text_color__hover_enabled=\u00bboff\u00bb button_border_width__hover_enabled=\u00bboff\u00bb button_one_border_width__hover_enabled=\u00bboff\u00bb button_two_border_width__hover_enabled=\u00bboff\u00bb button_border_color__hover_enabled=\u00bboff\u00bb button_one_border_color__hover_enabled=\u00bboff\u00bb button_two_border_color__hover_enabled=\u00bboff\u00bb button_border_radius__hover_enabled=\u00bboff\u00bb button_one_border_radius__hover_enabled=\u00bboff\u00bb button_two_border_radius__hover_enabled=\u00bboff\u00bb button_letter_spacing__hover_enabled=\u00bboff\u00bb button_one_letter_spacing__hover_enabled=\u00bboff\u00bb button_two_letter_spacing__hover_enabled=\u00bboff\u00bb button_bg_color__hover_enabled=\u00bboff\u00bb button_one_bg_color__hover_enabled=\u00bboff\u00bb button_two_bg_color__hover_enabled=\u00bboff\u00bb] 50 a\u00f1os despu\u00e9s<\/p>\n<p>&nbsp;<\/p>\n<p>Oviedo, Asturias[\/et_pb_slide][et_pb_slide button_text=\u00bbDebates, m\u00fasica, cine, ideas&#8230;\u00bb button_link=\u00bbhttps:\/\/mayo68.puenteromano.net\/index.php\/programacion\/\u00bb image=\u00bbhttps:\/\/mayo68.puenteromano.net\/wp-content\/uploads\/2018\/05\/M68-Abolicio\u0301n-de-la-sociedad-de-clases.jpg\u00bb use_bg_overlay=\u00bboff\u00bb use_text_overlay=\u00bbon\u00bb text_overlay_color=\u00bbrgba(255,255,255,0.54)\u00bb text_border_radius=\u00bb17&#8243; _builder_version=\u00bb4.4.4&#8243; header_font_size=\u00bb56px\u00bb body_font_size=\u00bb25px\u00bb background_color=\u00bb#ffffff\u00bb background_image=\u00bbhttps:\/\/mayo68.puenteromano.net\/wp-content\/uploads\/2018\/05\/Pari\u0301s-1968-Marcelo-Brodsky.jpg\u00bb background_enable_image=\u00bbon\u00bb parallax=\u00bbon\u00bb parallax_method=\u00bboff\u00bb button_on_hover=\u00bbon\u00bb hover_enabled=\u00bb0&#8243; header_font_size_tablet=\u00bb56px\u00bb header_font_size_phone=\u00bb56px\u00bb body_font_size_tablet=\u00bb25px\u00bb body_font_size_phone=\u00bb25px\u00bb custom_css_slide_image=\u00bbwidth:300px;\u00bb button_text_size__hover_enabled=\u00bboff\u00bb button_one_text_size__hover_enabled=\u00bboff\u00bb button_two_text_size__hover_enabled=\u00bboff\u00bb button_text_color__hover_enabled=\u00bboff\u00bb button_one_text_color__hover_enabled=\u00bboff\u00bb button_two_text_color__hover_enabled=\u00bboff\u00bb button_border_width__hover_enabled=\u00bboff\u00bb button_one_border_width__hover_enabled=\u00bboff\u00bb button_two_border_width__hover_enabled=\u00bboff\u00bb button_border_color__hover_enabled=\u00bboff\u00bb button_one_border_color__hover_enabled=\u00bboff\u00bb button_two_border_color__hover_enabled=\u00bboff\u00bb button_border_radius__hover_enabled=\u00bboff\u00bb button_one_border_radius__hover_enabled=\u00bboff\u00bb button_two_border_radius__hover_enabled=\u00bboff\u00bb button_letter_spacing__hover_enabled=\u00bboff\u00bb button_one_letter_spacing__hover_enabled=\u00bboff\u00bb button_two_letter_spacing__hover_enabled=\u00bboff\u00bb button_bg_color__hover_enabled=\u00bboff\u00bb button_one_bg_color__hover_enabled=\u00bboff\u00bb button_two_bg_color__hover_enabled=\u00bboff\u00bb]<img loading=\"lazy\" decoding=\"async\" class=\"alignnone wp-image-788 size-medium\" src=\"https:\/\/mayodel68.org\/wp-content\/uploads\/2018\/05\/Captura-de-pantalla-2018-05-05-a-las-21.42.25-300x147.png\" alt=\"\" width=\"300\" height=\"147\" srcset=\"https:\/\/mayo68.puenteromano.net\/wp-content\/uploads\/2018\/05\/Captura-de-pantalla-2018-05-05-a-las-21.42.25-300x147.png 300w, https:\/\/mayo68.puenteromano.net\/wp-content\/uploads\/2018\/05\/Captura-de-pantalla-2018-05-05-a-las-21.42.25-768x375.png 768w, https:\/\/mayo68.puenteromano.net\/wp-content\/uploads\/2018\/05\/Captura-de-pantalla-2018-05-05-a-las-21.42.25-480x235.png 480w, https:\/\/mayo68.puenteromano.net\/wp-content\/uploads\/2018\/05\/Captura-de-pantalla-2018-05-05-a-las-21.42.25.png 974w\" sizes=\"(max-width: 300px) 100vw, 300px\" \/><\/p>\n<p>&nbsp;<\/p>\n<p>50 a\u00f1os despu\u00e9s<\/p>\n<p>Oviedo, Asturias[\/et_pb_slide][\/et_pb_fullwidth_slider][\/et_pb_section][et_pb_section fb_built=\u00bb1&#8243; _builder_version=\u00bb3.22&#8243; background_color=\u00bb#ededed\u00bb][et_pb_row column_structure=\u00bb1_4,1_4,1_4,1_4&#8243; _builder_version=\u00bb3.25&#8243; background_size=\u00bbinitial\u00bb background_position=\u00bbtop_left\u00bb background_repeat=\u00bbrepeat\u00bb custom_padding=\u00bb27px|0px|27px|0px|false|false\u00bb][et_pb_column type=\u00bb1_4&#8243; _builder_version=\u00bb3.25&#8243; custom_padding=\u00bb|||\u00bb custom_padding__hover=\u00bb|||\u00bb][et_pb_blurb title=\u00bbUniversidad de Oviedo\u00bb url=\u00bbhttps:\/\/mayo68.puenteromano.net\/index.php\/project\/mayo-del-68-acto-en-la-universidad-de-oviedo\/\u00bb use_icon=\u00bbon\u00bb font_icon=\u00bb%%305%%\u00bb icon_color=\u00bb#e02b20&#8243; use_icon_font_size=\u00bbon\u00bb icon_font_size=\u00bb70px\u00bb admin_label=\u00bbBlurb\u00bb _builder_version=\u00bb4.0.6&#8243; background_size=\u00bbinitial\u00bb background_position=\u00bbtop_left\u00bb background_repeat=\u00bbrepeat\u00bb text_orientation=\u00bbcenter\u00bb max_width_tablet=\u00bb50px\u00bb]<\/p>\n<p style=\"text-align: center;\">Aula Magna, 17 de mayo. Mesa-Debate. D\u00ba de H\u00aa Contempor\u00e1nea<\/p>\n<p>[\/et_pb_blurb][\/et_pb_column][et_pb_column type=\u00bb1_4&#8243; _builder_version=\u00bb3.25&#8243; custom_padding=\u00bb|||\u00bb custom_padding__hover=\u00bb|||\u00bb][et_pb_blurb title=\u00bbConcierto\u00bb url=\u00bbhttps:\/\/mayo68.puenteromano.net\/index.php\/project\/concierto\/\u00bb url_new_window=\u00bbon\u00bb use_icon=\u00bbon\u00bb font_icon=\u00bb%%262%%\u00bb icon_color=\u00bb#e02b20&#8243; use_icon_font_size=\u00bbon\u00bb icon_font_size=\u00bb70px\u00bb admin_label=\u00bbBlurb\u00bb _builder_version=\u00bb4.0.6&#8243; background_size=\u00bbinitial\u00bb background_position=\u00bbtop_left\u00bb background_repeat=\u00bbrepeat\u00bb text_orientation=\u00bbcenter\u00bb max_width_tablet=\u00bb50px\u00bb]<em>Un vent de folie sur Paris<\/em>: voz, piano, percusi\u00f3n y contrabajo[\/et_pb_blurb][\/et_pb_column][et_pb_column type=\u00bb1_4&#8243; _builder_version=\u00bb3.25&#8243; custom_padding=\u00bb|||\u00bb custom_padding__hover=\u00bb|||\u00bb][et_pb_blurb title=\u00bbCine\u00bb url=\u00bbhttps:\/\/mayo68.puenteromano.net\/index.php\/cine-ano-de-1968-no-solo-nos-quedara-paris\/\u00bb use_icon=\u00bbon\u00bb font_icon=\u00bb%%129%%\u00bb icon_color=\u00bb#e02b20&#8243; use_icon_font_size=\u00bbon\u00bb icon_font_size=\u00bb70px\u00bb admin_label=\u00bbBlurb\u00bb _builder_version=\u00bb4.0.6&#8243; background_size=\u00bbinitial\u00bb background_position=\u00bbtop_left\u00bb background_repeat=\u00bbrepeat\u00bb text_orientation=\u00bbcenter\u00bb max_width_tablet=\u00bb50px\u00bb link_option_url=\u00bbhttps:\/\/mayo68.puenteromano.net\/index.php\/cine-ano-de-1968-no-solo-nos-quedara-paris\/\u00bb]Ciclo de cine relacionado con el movimiento y su contexto[\/et_pb_blurb][\/et_pb_column][et_pb_column type=\u00bb1_4&#8243; _builder_version=\u00bb3.25&#8243; custom_padding=\u00bb|||\u00bb custom_padding__hover=\u00bb|||\u00bb][et_pb_blurb title=\u00bbInstitutos\u00bb url=\u00bbhttps:\/\/mayo68.puenteromano.net\/index.php\/project\/mayo-en-el-instituto\/\u00bb url_new_window=\u00bbon\u00bb use_icon=\u00bbon\u00bb font_icon=\u00bb%%255%%\u00bb icon_color=\u00bb#e02b20&#8243; use_icon_font_size=\u00bbon\u00bb icon_font_size=\u00bb70px\u00bb admin_label=\u00bbBlurb\u00bb _builder_version=\u00bb4.0.6&#8243; background_size=\u00bbinitial\u00bb background_position=\u00bbtop_left\u00bb background_repeat=\u00bbrepeat\u00bb text_orientation=\u00bbcenter\u00bb max_width_tablet=\u00bb50px\u00bb]Actos en Institutos de Educaci\u00f3n Secundaria y Bachillerato[\/et_pb_blurb][\/et_pb_column][\/et_pb_row][et_pb_row column_structure=\u00bb1_2,1_2&#8243; _builder_version=\u00bb3.25&#8243; background_size=\u00bbinitial\u00bb background_position=\u00bbtop_left\u00bb background_repeat=\u00bbrepeat\u00bb][et_pb_column type=\u00bb1_2&#8243; _builder_version=\u00bb3.25&#8243; custom_padding=\u00bb|||\u00bb custom_padding__hover=\u00bb|||\u00bb][et_pb_cta title=\u00bbOviedo, mayo de 2018. Actos\u00bb button_url=\u00bbhttps:\/\/mayo68.puenteromano.net\/index.php\/programacion\/\u00bb url_new_window=\u00bbon\u00bb button_text=\u00bbProgramaci\u00f3n\u00bb _builder_version=\u00bb4.0.6&#8243; header_font=\u00bb||||||||\u00bb header_text_color=\u00bb#ffffff\u00bb body_font=\u00bb||||||||\u00bb background_color=\u00bb#000000&#8243; custom_button=\u00bbon\u00bb button_text_color=\u00bb#ffffff\u00bb button_font=\u00bb||||||||\u00bb border_radii=\u00bbon|17px|17px|17px|17px\u00bb button_text_size__hover_enabled=\u00bboff\u00bb button_one_text_size__hover_enabled=\u00bboff\u00bb button_two_text_size__hover_enabled=\u00bboff\u00bb button_text_color__hover_enabled=\u00bboff\u00bb button_one_text_color__hover_enabled=\u00bboff\u00bb button_two_text_color__hover_enabled=\u00bboff\u00bb button_border_width__hover_enabled=\u00bboff\u00bb button_one_border_width__hover_enabled=\u00bboff\u00bb button_two_border_width__hover_enabled=\u00bboff\u00bb button_border_color__hover_enabled=\u00bboff\u00bb button_one_border_color__hover_enabled=\u00bboff\u00bb button_two_border_color__hover_enabled=\u00bboff\u00bb button_border_radius__hover_enabled=\u00bboff\u00bb button_one_border_radius__hover_enabled=\u00bboff\u00bb button_two_border_radius__hover_enabled=\u00bboff\u00bb button_letter_spacing__hover_enabled=\u00bboff\u00bb button_one_letter_spacing__hover_enabled=\u00bboff\u00bb button_two_letter_spacing__hover_enabled=\u00bboff\u00bb button_bg_color__hover_enabled=\u00bboff\u00bb button_one_bg_color__hover_enabled=\u00bboff\u00bb button_two_bg_color__hover_enabled=\u00bboff\u00bb]&nbsp;[\/et_pb_cta][\/et_pb_column][et_pb_column type=\u00bb1_2&#8243; _builder_version=\u00bb3.25&#8243; custom_padding=\u00bb|||\u00bb custom_padding__hover=\u00bb|||\u00bb][et_pb_cta title=\u00bbPensamiento y est\u00e9tica de la utop\u00eda\u00bb button_url=\u00bbhttps:\/\/mayo68.puenteromano.net\/index.php\/unidad-didactica\/\u00bb url_new_window=\u00bbon\u00bb button_text=\u00bbUnidad did\u00e1ctica\u00bb _builder_version=\u00bb4.0.6&#8243; header_text_color=\u00bb#ffffff\u00bb background_color=\u00bb#e02b20&#8243; custom_button=\u00bbon\u00bb button_text_color=\u00bb#ffffff\u00bb border_radii=\u00bbon|17px|17px|17px|17px\u00bb button_text_size__hover_enabled=\u00bboff\u00bb button_one_text_size__hover_enabled=\u00bboff\u00bb button_two_text_size__hover_enabled=\u00bboff\u00bb button_text_color__hover_enabled=\u00bboff\u00bb button_one_text_color__hover_enabled=\u00bboff\u00bb button_two_text_color__hover_enabled=\u00bboff\u00bb button_border_width__hover_enabled=\u00bboff\u00bb button_one_border_width__hover_enabled=\u00bboff\u00bb button_two_border_width__hover_enabled=\u00bboff\u00bb button_border_color__hover_enabled=\u00bboff\u00bb button_one_border_color__hover_enabled=\u00bboff\u00bb button_two_border_color__hover_enabled=\u00bboff\u00bb button_border_radius__hover_enabled=\u00bboff\u00bb button_one_border_radius__hover_enabled=\u00bboff\u00bb button_two_border_radius__hover_enabled=\u00bboff\u00bb button_letter_spacing__hover_enabled=\u00bboff\u00bb button_one_letter_spacing__hover_enabled=\u00bboff\u00bb button_two_letter_spacing__hover_enabled=\u00bboff\u00bb button_bg_color__hover_enabled=\u00bboff\u00bb button_one_bg_color__hover_enabled=\u00bboff\u00bb button_two_bg_color__hover_enabled=\u00bboff\u00bb][\/et_pb_cta][\/et_pb_column][\/et_pb_row][\/et_pb_section][et_pb_section fb_built=\u00bb1&#8243; _builder_version=\u00bb3.22&#8243; background_color=\u00bb#000000&#8243;][et_pb_row column_structure=\u00bb1_3,1_3,1_3&#8243; _builder_version=\u00bb3.25&#8243; background_size=\u00bbinitial\u00bb background_position=\u00bbtop_left\u00bb background_repeat=\u00bbrepeat\u00bb][et_pb_column type=\u00bb1_3&#8243; _builder_version=\u00bb3.25&#8243; custom_padding=\u00bb|||\u00bb custom_padding__hover=\u00bb|||\u00bb][et_pb_blurb title=\u00bbUniversidad\u00bb _builder_version=\u00bb3.2.1&#8243; header_level=\u00bbh1&#8243; text_orientation=\u00bbcenter\u00bb background_layout=\u00bbdark\u00bb custom_css_blurb_image=\u00bbwidth:100px;\u00bb][\/et_pb_blurb][et_pb_image src=\u00bbhttps:\/\/mayodel68.org\/wp-content\/uploads\/2018\/05\/Universidad.-Debate-Mayo-del-68.jpg\u00bb show_in_lightbox=\u00bbon\u00bb align_tablet=\u00bbcenter\u00bb align_phone=\u00bb\u00bb align_last_edited=\u00bbon|desktop\u00bb _builder_version=\u00bb4.0.6&#8243;]&nbsp;[\/et_pb_image][\/et_pb_column][et_pb_column type=\u00bb1_3&#8243; _builder_version=\u00bb3.25&#8243; custom_padding=\u00bb|||\u00bb custom_padding__hover=\u00bb|||\u00bb][et_pb_blurb title=\u00bbConcierto\u00bb _builder_version=\u00bb3.2.1&#8243; header_level=\u00bbh1&#8243; text_orientation=\u00bbcenter\u00bb background_layout=\u00bbdark\u00bb custom_css_blurb_image=\u00bbwidth:100px;\u00bb][\/et_pb_blurb][et_pb_image src=\u00bbhttps:\/\/mayodel68.org\/wp-content\/uploads\/2018\/05\/Concierto-Un-vent-de-folie-sur-Paris-.jpg\u00bb show_in_lightbox=\u00bbon\u00bb align_tablet=\u00bbcenter\u00bb align_phone=\u00bb\u00bb align_last_edited=\u00bbon|desktop\u00bb _builder_version=\u00bb4.0.6&#8243;]&nbsp;[\/et_pb_image][\/et_pb_column][et_pb_column type=\u00bb1_3&#8243; _builder_version=\u00bb3.25&#8243; custom_padding=\u00bb|||\u00bb custom_padding__hover=\u00bb|||\u00bb][et_pb_blurb title=\u00bbTodos los actos\u00bb _builder_version=\u00bb3.2.1&#8243; header_level=\u00bbh1&#8243; text_orientation=\u00bbcenter\u00bb background_layout=\u00bbdark\u00bb custom_css_blurb_image=\u00bbwidth:100px;\u00bb][\/et_pb_blurb][et_pb_image src=\u00bbhttps:\/\/mayodel68.org\/wp-content\/uploads\/2018\/05\/Actos-M68-Oviedo.jpg\u00bb show_in_lightbox=\u00bbon\u00bb align_tablet=\u00bbcenter\u00bb align_phone=\u00bb\u00bb align_last_edited=\u00bbon|desktop\u00bb _builder_version=\u00bb3.23&#8243;]&nbsp;[\/et_pb_image][et_pb_blurb title=\u00bbElige el cartel\u00bb _builder_version=\u00bb3.2.1&#8243; header_level=\u00bbh1&#8243; text_orientation=\u00bbcenter\u00bb background_layout=\u00bbdark\u00bb custom_css_blurb_image=\u00bbwidth:100px;\u00bb]&nbsp;[\/et_pb_blurb][et_pb_toggle title=\u00bbCARTELER\u00cdA PARA DIFUNDIR EN REDES\u00bb icon_color=\u00bb#e02b20&#8243; _builder_version=\u00bb4.0.6&#8243; title_text_color=\u00bb#000000&#8243; title_level=\u00bbh2&#8243;]<strong>AULA MAGNA DE LA\u00a0UNIVERSIDAD DE OVIEDO, DEBATE<\/strong><br \/>\n<a href=\"https:\/\/mayo68.puenteromano.net\/wp-content\/uploads\/2018\/05\/Universidad.-Debate-Mayo-del-68.jpg\" target=\"_blank\" rel=\"noopener noreferrer\">UNIVERSIDAD. RESOLUCI\u00d3N MEDIA<\/a>: para Twitter, Facebook y redes<br \/>\n<a href=\"https:\/\/mayo68.puenteromano.net\/wp-content\/uploads\/2018\/05\/Universidad.-Debate-Mayo-del-68.pdf\" target=\"_blank\" rel=\"noopener noreferrer\">UNIVERSIDAD. ALTA RESOLUCI\u00d3N<\/a>: para imprimir<\/p>\n<p><strong>UN VENT DE FOLIE SUR PARIS, CONCIERTO<\/strong><br \/>\n<a href=\"https:\/\/mayo68.puenteromano.net\/wp-content\/uploads\/2018\/05\/Concierto-Un-vent-de-folie-sur-Paris-.jpg\" target=\"_blank\" rel=\"noopener noreferrer\">CONCIERTO. RESOLUCI\u00d3N MEDIA<\/a>: para Twitter, Facebook y redes<br \/>\n<a href=\"https:\/\/mayo68.puenteromano.net\/wp-content\/uploads\/2018\/05\/Concierto-Un-vent-de-folie-sur-Paris-.pdf\" target=\"_blank\" rel=\"noopener noreferrer\">CONCIERTO. ALTA RESOLUCI\u00d3N<\/a>: para imprimir<\/p>\n<p><strong>MAYO DEL 68 EN OVIEDO, ACTOS<\/strong><br \/>\n<a href=\"https:\/\/mayo68.puenteromano.net\/wp-content\/uploads\/2018\/05\/Actos-M68-Oviedo.jpg\" target=\"_blank\" rel=\"noopener noreferrer\">ACTOS. RESOLUCI\u00d3N MEDIA<\/a>: para Twitter, Facebook y redes<br \/>\n<a href=\"https:\/\/mayo68.puenteromano.net\/wp-content\/uploads\/2018\/05\/Tri\u0301ptico2.pdf\" target=\"_blank\" rel=\"noopener noreferrer\">ACTOS. ALTA RESOLUCI\u00d3N<\/a>: para imprimir[\/et_pb_toggle][\/et_pb_column][\/et_pb_row][\/et_pb_section][et_pb_section fb_built=\u00bb1&#8243; inner_shadow=\u00bbon\u00bb _builder_version=\u00bb3.22&#8243; background_color=\u00bb#f7f7f7&#8243;][et_pb_row _builder_version=\u00bb3.25&#8243; background_size=\u00bbinitial\u00bb background_position=\u00bbtop_left\u00bb background_repeat=\u00bbrepeat\u00bb][et_pb_column type=\u00bb4_4&#8243; _builder_version=\u00bb3.25&#8243; custom_padding=\u00bb|||\u00bb custom_padding__hover=\u00bb|||\u00bb][et_pb_text admin_label=\u00bbText\u00bb _builder_version=\u00bb3.27.4&#8243; background_size=\u00bbinitial\u00bb background_position=\u00bbtop_left\u00bb background_repeat=\u00bbrepeat\u00bb text_orientation=\u00bbcenter\u00bb module_alignment=\u00bbcenter\u00bb]<\/p>\n<h1>Actividades y eventos<\/h1>\n<p>[\/et_pb_text][\/et_pb_column][\/et_pb_row][et_pb_row _builder_version=\u00bb3.25&#8243; background_size=\u00bbinitial\u00bb background_position=\u00bbtop_left\u00bb background_repeat=\u00bbrepeat\u00bb][et_pb_column type=\u00bb4_4&#8243; _builder_version=\u00bb3.25&#8243; custom_padding=\u00bb|||\u00bb custom_padding__hover=\u00bb|||\u00bb][et_pb_portfolio fullwidth=\u00bboff\u00bb posts_number=\u00bb8&#8243; include_categories=\u00bb8&#8243; show_categories=\u00bboff\u00bb show_pagination=\u00bboff\u00bb admin_label=\u00bbPortfolio\u00bb _builder_version=\u00bb3.2&#8243; background_size=\u00bbinitial\u00bb background_position=\u00bbtop_left\u00bb background_repeat=\u00bbrepeat\u00bb]&nbsp;[\/et_pb_portfolio][\/et_pb_column][\/et_pb_row][\/et_pb_section]<\/p>\n","protected":false},"excerpt":{"rendered":"<p>50 a\u00f1os despu\u00e9s &nbsp; Oviedo, Asturias &nbsp; 50 a\u00f1os despu\u00e9s Oviedo, AsturiasAula Magna, 17 de mayo. Mesa-Debate. D\u00ba de H\u00aa Contempor\u00e1neaUn vent de folie sur Paris: voz, piano, percusi\u00f3n y contrabajoCiclo de cine relacionado con el movimiento y su contextoActos en Institutos de Educaci\u00f3n Secundaria y Bachillerato&nbsp;&nbsp;&nbsp;&nbsp;&nbsp;AULA MAGNA DE LA\u00a0UNIVERSIDAD DE OVIEDO, DEBATE UNIVERSIDAD. RESOLUCI\u00d3N [&hellip;]<\/p>\n","protected":false},"author":1,"featured_media":0,"parent":0,"menu_order":0,"comment_status":"closed","ping_status":"closed","template":"","meta":{"_et_pb_use_builder":"on","_et_pb_old_content":"","_et_gb_content_width":"","footnotes":""},"class_list":["post-67","page","type-page","status-publish","hentry"],"_links":{"self":[{"href":"https:\/\/mayo68.puenteromano.net\/index.php\/wp-json\/wp\/v2\/pages\/67","targetHints":{"allow":["GET"]}}],"collection":[{"href":"https:\/\/mayo68.puenteromano.net\/index.php\/wp-json\/wp\/v2\/pages"}],"about":[{"href":"https:\/\/mayo68.puenteromano.net\/index.php\/wp-json\/wp\/v2\/types\/page"}],"author":[{"embeddable":true,"href":"https:\/\/mayo68.puenteromano.net\/index.php\/wp-json\/wp\/v2\/users\/1"}],"replies":[{"embeddable":true,"href":"https:\/\/mayo68.puenteromano.net\/index.php\/wp-json\/wp\/v2\/comments?post=67"}],"version-history":[{"count":10,"href":"https:\/\/mayo68.puenteromano.net\/index.php\/wp-json\/wp\/v2\/pages\/67\/revisions"}],"predecessor-version":[{"id":1149,"href":"https:\/\/mayo68.puenteromano.net\/index.php\/wp-json\/wp\/v2\/pages\/67\/revisions\/1149"}],"wp:attachment":[{"href":"https:\/\/mayo68.puenteromano.net\/index.php\/wp-json\/wp\/v2\/media?parent=67"}],"curies":[{"name":"wp","href":"https:\/\/api.w.org\/{rel}","templated":true}]}}