{"id":162,"date":"2018-01-23T08:26:24","date_gmt":"2018-01-23T08:26:24","guid":{"rendered":"http:\/\/mayodel68.org\/?page_id=162"},"modified":"2019-11-21T21:28:20","modified_gmt":"2019-11-21T20:28:20","slug":"programacion","status":"publish","type":"page","link":"https:\/\/mayo68.puenteromano.net\/index.php\/programacion\/","title":{"rendered":"Programaci\u00f3n"},"content":{"rendered":"<p>[et_pb_section fb_built=\u00bb1&#8243; fullwidth=\u00bbon\u00bb _builder_version=\u00bb3.22&#8243; background_color=\u00bb#e02b20&#8243;][et_pb_fullwidth_header title=\u00bbMayo del 68-Mayo de 2018&#8243; subhead=\u00bbOviedo, actividades conmemorativas\u00bb header_image_url=\u00bbhttps:\/\/mayodel68.org\/wp-content\/uploads\/2017\/11\/La-belleza-en-la-calle.jpg\u00bb admin_label=\u00bbFullwidth Header\u00bb _builder_version=\u00bb3.16&#8243; subhead_font_size=\u00bb21px\u00bb background_color=\u00bbrgba(255, 255, 255, 0)\u00bb custom_css_header_image=\u00bbwidth: 150px;\u00bb button_one_text_size__hover_enabled=\u00bboff\u00bb button_two_text_size__hover_enabled=\u00bboff\u00bb button_one_text_color__hover_enabled=\u00bboff\u00bb button_two_text_color__hover_enabled=\u00bboff\u00bb button_one_border_width__hover_enabled=\u00bboff\u00bb button_two_border_width__hover_enabled=\u00bboff\u00bb button_one_border_color__hover_enabled=\u00bboff\u00bb button_two_border_color__hover_enabled=\u00bboff\u00bb button_one_border_radius__hover_enabled=\u00bboff\u00bb button_two_border_radius__hover_enabled=\u00bboff\u00bb button_one_letter_spacing__hover_enabled=\u00bboff\u00bb button_two_letter_spacing__hover_enabled=\u00bboff\u00bb button_one_bg_color__hover_enabled=\u00bboff\u00bb button_two_bg_color__hover_enabled=\u00bboff\u00bb]&nbsp;[\/et_pb_fullwidth_header][\/et_pb_section][et_pb_section fb_built=\u00bb1&#8243; _builder_version=\u00bb3.22&#8243;][et_pb_row _builder_version=\u00bb3.25&#8243; background_size=\u00bbinitial\u00bb background_position=\u00bbtop_left\u00bb background_repeat=\u00bbrepeat\u00bb][et_pb_column type=\u00bb4_4&#8243; _builder_version=\u00bb3.25&#8243; custom_padding=\u00bb|||\u00bb custom_padding__hover=\u00bb|||\u00bb][et_pb_text admin_label=\u00bbText\u00bb _builder_version=\u00bb4.0.6&#8243; background_size=\u00bbinitial\u00bb background_position=\u00bbtop_left\u00bb background_repeat=\u00bbrepeat\u00bb hover_enabled=\u00bb0&#8243;]<\/p>\n<h2>Programaci\u00f3n<\/h2>\n<ol>\n<li><a href=\"https:\/\/mayo68.puenteromano.net\/index.php\/project\/mayo-del-68-acto-en-la-universidad-de-oviedo\/\" target=\"_blank\" rel=\"noopener noreferrer\"><strong>AULA MAGNA DE LA\u00a0UNIVERSIDAD DE OVIEDO, DEBATE<\/strong><\/a>\n<ul>\n<li><strong>Michel Pigenet<\/strong>. Catedr\u00e1tico Em\u00e9rito en la Universidad de la Sorbonne de Par\u00eds: \u201c<em><strong>El movimiento obrero y el Mayo franc\u00e9s<\/strong><\/em>\u201c<\/li>\n<li><strong>Mary Nash<\/strong>. Catedr\u00e1tica de historia contempor\u00e1nea de la Universidad de Barcelona: \u201c<em><strong>Mayo de 1968 y los movimientos sociales en el contexto espa\u00f1ol. Nuevas visiones del sexo y el g\u00e9nero<\/strong><\/em>\u201c<\/li>\n<li><strong>Frank Georgi<\/strong>. Ma\u00eetre de Conf\u00e9rences en la Universidad de Paris 1\/Centre d\u2019Histoire Social du XX\u00e9me: \u201c<em>La herencia del 68 en los movimientos sociales contempor\u00e1neos<\/em>\u201c<\/li>\n<li><strong>Jorge Ur\u00eda<\/strong>, Catedr\u00e1tico de Historia Contempor\u00e1nea de la Universidad de Oviedo. <strong>Presentaci\u00f3n y coordinaci\u00f3n del acto<\/strong>.<\/li>\n<li>Jueves 17 de mayo<\/li>\n<li>19:00 horas<\/li>\n<li>Aula Magna de la Universidad de Oviedo<\/li>\n<\/ul>\n<\/li>\n<li><strong>\u00a0<a href=\"https:\/\/mayo68.puenteromano.net\/index.php\/project\/concierto\/\" target=\"_blank\" rel=\"noopener noreferrer\">CONCIERTO EN EL TEATRO CAMPOAMOR:\u00a0<em>UN VENT DE FOLIE SUR PARIS<\/em><\/a>.<\/strong>\n<ul>\n<li>Int\u00e9rpretes: <strong>Ana Nebot<\/strong> (voz), <strong>Alexandre Guerrero<\/strong> (voz), <strong>Jacobo de Miguel<\/strong> (piano), <strong>Antony da Cruz<\/strong> (contrabajo), <strong>Fernando Arias<\/strong> (vibr\u00e1fono y percusi\u00f3n)<\/li>\n<li>Domingo, 20 de mayo<\/li>\n<li>Lugar: Teatro Campoamor<\/li>\n<\/ul>\n<\/li>\n<li><a href=\"https:\/\/mayo68.puenteromano.net\/index.php\/cine-ano-de-1968-no-solo-nos-quedara-paris\/\" target=\"_blank\" rel=\"noopener noreferrer\"><strong>CICLO DE CINE EN EL TEATRO FILARM\u00d3NICA<\/strong><\/a>\n<ul>\n<li>Martes 8 de mayo: <em><strong>Memorias del subdesarrollo<\/strong><\/em>, de T. Guti\u00e9rrez Alea<\/li>\n<li>Viernes 18 de mayo: <em><strong>Pepeppermint frapp\u00e9<\/strong><\/em>, de Carlos Saura<\/li>\n<li>Martes 29 de mayo: <em><strong>Las Margaritas<\/strong><\/em>, de\u00a0Vera Chytilov\u00e1 &#8211; <a href=\"http:\/\/madrid.czechcentres.cz\" target=\"_blank\" rel=\"noopener noreferrer\">Centro Checo<\/a><\/li>\n<li>Teatro Filarm\u00f3nica<\/li>\n<li>20:00 horas<\/li>\n<\/ul>\n<\/li>\n<li><a href=\"https:\/\/mayo68.puenteromano.net\/index.php\/project\/mayo-en-el-instituto\/\" target=\"_blank\" rel=\"noopener noreferrer\"><strong>MAYO EN LOS INSTITUTOS<\/strong><\/a>\n<ul>\n<li>Encuentro y reflexi\u00f3n entre los estudiantes y:\n<ul>\n<li><strong>Jos\u00e9 Luis de Pablos<\/strong>, reportero gr\u00e1fico (Par\u00eds, Mayo del 68)<\/li>\n<li><strong>Pacho Rodr\u00edguez<\/strong>, periodista (Madrid, 15M)<\/li>\n<\/ul>\n<\/li>\n<li>Cangas de On\u00eds\n<ul>\n<li><strong>IES Rey Pelayo<\/strong>: martes, 15 de mayo,\u00a0de\u00a012:25 a 14:15<\/li>\n<\/ul>\n<\/li>\n<li>Oviedo\n<ul>\n<li><strong>IES Leopoldo Alas<\/strong>: mi\u00e9rcoles, 16 de mayo,\u00a010:15 a 11:10<\/li>\n<li><strong>IES Pando<\/strong>: jueves, 17 de mayo,\u00a0de 11:30 a 13:30<\/li>\n<\/ul>\n<\/li>\n<\/ul>\n<\/li>\n<\/ol>\n<p>[\/et_pb_text][\/et_pb_column][\/et_pb_row][\/et_pb_section][et_pb_section fb_built=\u00bb1&#8243; _builder_version=\u00bb3.22&#8243; background_color=\u00bb#e02b20&#8243;][et_pb_row _builder_version=\u00bb3.25&#8243; background_size=\u00bbinitial\u00bb background_position=\u00bbtop_left\u00bb background_repeat=\u00bbrepeat\u00bb][et_pb_column type=\u00bb4_4&#8243; _builder_version=\u00bb3.25&#8243; custom_padding=\u00bb|||\u00bb custom_padding__hover=\u00bb|||\u00bb][et_pb_toggle title=\u00bbCARTELER\u00cdA PARA DIFUNDIR EN REDES\u00bb icon_color=\u00bb#e02b20&#8243; _builder_version=\u00bb4.0.6&#8243; title_text_color=\u00bb#000000&#8243; title_level=\u00bbh2&#8243; hover_enabled=\u00bb0&#8243;]<strong>AULA MAGNA DE LA\u00a0UNIVERSIDAD DE OVIEDO, DEBATE<\/strong><br \/>\n<a href=\"https:\/\/mayo68.puenteromano.net\/wp-content\/uploads\/2018\/05\/Universidad.-Debate-Mayo-del-68.jpg\" target=\"_blank\" rel=\"noopener noreferrer\">UNIVERSIDAD. RESOLUCI\u00d3N MEDIA<\/a>: para Twitter, Facebook y redes<br \/>\n<a href=\"https:\/\/mayo68.puenteromano.net\/wp-content\/uploads\/2018\/05\/Universidad.-Debate-Mayo-del-68.pdf\" target=\"_blank\" rel=\"noopener noreferrer\">UNIVERSIDAD. ALTA RESOLUCI\u00d3N<\/a>: para imprimir<\/p>\n<p><strong>UN VENT DE FOLIE SUR PARIS, CONCIERTO<\/strong><br \/>\n<a href=\"https:\/\/mayo68.puenteromano.net\/wp-content\/uploads\/2018\/05\/Concierto-Un-vent-de-folie-sur-Paris-.jpg\" target=\"_blank\" rel=\"noopener noreferrer\">CONCIERTO. RESOLUCI\u00d3N MEDIA<\/a>: para Twitter, Facebook y redes<br \/>\n<a href=\"https:\/\/mayo68.puenteromano.net\/wp-content\/uploads\/2018\/05\/Concierto-Un-vent-de-folie-sur-Paris-.pdf\" target=\"_blank\" rel=\"noopener noreferrer\">CONCIERTO. ALTA RESOLUCI\u00d3N<\/a>: para imprimir<\/p>\n<p><strong>MAYO DEL 68 EN OVIEDO, ACTOS<\/strong><br \/>\n<a href=\"https:\/\/mayo68.puenteromano.net\/wp-content\/uploads\/2018\/05\/Actos-M68-Oviedo.jpg\" target=\"_blank\" rel=\"noopener noreferrer\">ACTOS. RESOLUCI\u00d3N MEDIA<\/a>: para Twitter, Facebook y redes<br \/>\n<a href=\"https:\/\/mayo68.puenteromano.net\/wp-content\/uploads\/2018\/05\/Tri\u0301ptico2.pdf\" target=\"_blank\" rel=\"noopener noreferrer\">ACTOS. ALTA RESOLUCI\u00d3N<\/a>: para imprimir[\/et_pb_toggle][\/et_pb_column][\/et_pb_row][\/et_pb_section]<\/p>\n","protected":false},"excerpt":{"rendered":"<p>&nbsp;Programaci\u00f3n AULA MAGNA DE LA\u00a0UNIVERSIDAD DE OVIEDO, DEBATE Michel Pigenet. Catedr\u00e1tico Em\u00e9rito en la Universidad de la Sorbonne de Par\u00eds: \u201cEl movimiento obrero y el Mayo franc\u00e9s\u201c Mary Nash. Catedr\u00e1tica de historia contempor\u00e1nea de la Universidad de Barcelona: \u201cMayo de 1968 y los movimientos sociales en el contexto espa\u00f1ol. Nuevas visiones del sexo y el [&hellip;]<\/p>\n","protected":false},"author":1,"featured_media":0,"parent":0,"menu_order":0,"comment_status":"closed","ping_status":"closed","template":"","meta":{"_et_pb_use_builder":"on","_et_pb_old_content":"","_et_gb_content_width":"","footnotes":""},"class_list":["post-162","page","type-page","status-publish","hentry"],"_links":{"self":[{"href":"https:\/\/mayo68.puenteromano.net\/index.php\/wp-json\/wp\/v2\/pages\/162","targetHints":{"allow":["GET"]}}],"collection":[{"href":"https:\/\/mayo68.puenteromano.net\/index.php\/wp-json\/wp\/v2\/pages"}],"about":[{"href":"https:\/\/mayo68.puenteromano.net\/index.php\/wp-json\/wp\/v2\/types\/page"}],"author":[{"embeddable":true,"href":"https:\/\/mayo68.puenteromano.net\/index.php\/wp-json\/wp\/v2\/users\/1"}],"replies":[{"embeddable":true,"href":"https:\/\/mayo68.puenteromano.net\/index.php\/wp-json\/wp\/v2\/comments?post=162"}],"version-history":[{"count":1,"href":"https:\/\/mayo68.puenteromano.net\/index.php\/wp-json\/wp\/v2\/pages\/162\/revisions"}],"predecessor-version":[{"id":1128,"href":"https:\/\/mayo68.puenteromano.net\/index.php\/wp-json\/wp\/v2\/pages\/162\/revisions\/1128"}],"wp:attachment":[{"href":"https:\/\/mayo68.puenteromano.net\/index.php\/wp-json\/wp\/v2\/media?parent=162"}],"curies":[{"name":"wp","href":"https:\/\/api.w.org\/{rel}","templated":true}]}}